{"id":289,"date":"2018-11-27T09:17:42","date_gmt":"2018-11-27T09:17:42","guid":{"rendered":"https:\/\/websitedemos.net\/discover-outdoors\/?page_id=7"},"modified":"2022-03-18T13:11:19","modified_gmt":"2022-03-18T13:11:19","slug":"projects","status":"publish","type":"page","link":"https:\/\/hko.ffzg.unizg.hr\/index.php\/projects\/","title":{"rendered":"Projects"},"content":{"rendered":"<h1>REZULTATI PROJEKTA<\/h1>\n<h2>REZULTATI PROJEKTA<\/h2>\n<ul>\n<li>\n<h6><a href=\"https:\/\/hko.ffzg.unizg.hr\/wp-content\/uploads\/2022\/03\/Anketa-alumna-FFZG_2022.pdf\">Anketa na alumnima Filozofskog fakulteta u Zagrebu<\/a><\/h6>\n<\/li>\n<li>\n<h6>Prijedlozi standarda zanimanja i standarda kvalifikacija za \u010detiri etablirane discipline: psihologija, lingvistika, fonetika i anglistika (u izradi)<\/h6>\n<\/li>\n<li>\n<h6>Revidirani preddiplomski diplomski studijski programi psihologije, lingvistike, fonetike i anglistike koji se izvode na Filozofskom fakultetu u Zagrebu<\/h6>\n<\/li>\n<li>\n<h6>Novi studijski programi na diplomskoj razini: kognitivna znanost, klini\u010dka lingvistika i fonetika te regionalni studiji kultura i dru\u0161tava jugoisto\u010dne Europe<\/h6>\n<\/li>\n<li>\n<h6>Aplikacija za administriranje studijskih programa i vo\u0111enje evidencija o izmjenama studijskih programa<\/h6>\n<\/li>\n<li>\n<h6><a href=\"https:\/\/hko.ffzg.unizg.hr\/wp-content\/uploads\/2022\/03\/Prirucnik-za-kvalitetu_2021_e-izdanje.pdf\">Priru\u010dnik za kvalitetu Filozofskog fakulteta u Zagrebu<\/a><\/h6>\n<\/li>\n<li>\n<h6>Edukacija nastavnog osoblja Filozofskog fakulteta i partnera s ciljem unapre\u0111enja njihovih nastavni\u010dkih kompetencija<\/h6>\n<\/li>\n<li><a href=\"https:\/\/hko.ffzg.unizg.hr\/wp-content\/uploads\/2022\/03\/Prirucnik-Kolegijalno-opazanje-visokoskolske-nastave.pdf\"><strong>Priru\u010dnik Kolegijalno opa\u017eanje visoko\u0161kolske nastave<\/strong><\/a><\/li>\n<\/ul>\n","protected":false},"excerpt":{"rendered":"<p>REZULTATI PROJEKTA REZULTATI PROJEKTA Anketa na alumnima Filozofskog fakulteta u Zagrebu Prijedlozi standarda zanimanja i standarda kvalifikacija za \u010detiri etablirane discipline: psihologija, lingvistika, fonetika i anglistika (u izradi) Revidirani preddiplomski diplomski studijski programi psihologije, lingvistike, fonetike i anglistike koji se izvode na Filozofskom fakultetu u Zagrebu Novi studijski programi na diplomskoj razini: kognitivna znanost, klini\u010dka &hellip;<\/p>\n<p class=\"read-more\"> <a class=\"\" href=\"https:\/\/hko.ffzg.unizg.hr\/index.php\/projects\/\"> <span class=\"screen-reader-text\">Projects<\/span> Read More &raquo;<\/a><\/p>\n","protected":false},"author":1,"featured_media":0,"parent":0,"menu_order":0,"comment_status":"closed","ping_status":"closed","template":"","meta":[],"uagb_featured_image_src":{"full":false,"thumbnail":false,"medium":false,"medium_large":false,"large":false,"1536x1536":false,"2048x2048":false},"uagb_author_info":{"display_name":"atrogrli","author_link":"https:\/\/hko.ffzg.unizg.hr\/index.php\/author\/atrogrli\/"},"uagb_comment_info":0,"uagb_excerpt":"REZULTATI PROJEKTA REZULTATI PROJEKTA Anketa na alumnima Filozofskog fakulteta u Zagrebu Prijedlozi standarda zanimanja i standarda kvalifikacija za \u010detiri etablirane discipline: psihologija, lingvistika, fonetika i anglistika (u izradi) Revidirani preddiplomski diplomski studijski programi psihologije, lingvistike, fonetike i anglistike koji se izvode na Filozofskom fakultetu u Zagrebu Novi studijski programi na diplomskoj razini: kognitivna znanost, klini\u010dka&hellip;","_links":{"self":[{"href":"https:\/\/hko.ffzg.unizg.hr\/index.php\/wp-json\/wp\/v2\/pages\/289"}],"collection":[{"href":"https:\/\/hko.ffzg.unizg.hr\/index.php\/wp-json\/wp\/v2\/pages"}],"about":[{"href":"https:\/\/hko.ffzg.unizg.hr\/index.php\/wp-json\/wp\/v2\/types\/page"}],"author":[{"embeddable":true,"href":"https:\/\/hko.ffzg.unizg.hr\/index.php\/wp-json\/wp\/v2\/users\/1"}],"replies":[{"embeddable":true,"href":"https:\/\/hko.ffzg.unizg.hr\/index.php\/wp-json\/wp\/v2\/comments?post=289"}],"version-history":[{"count":15,"href":"https:\/\/hko.ffzg.unizg.hr\/index.php\/wp-json\/wp\/v2\/pages\/289\/revisions"}],"predecessor-version":[{"id":954,"href":"https:\/\/hko.ffzg.unizg.hr\/index.php\/wp-json\/wp\/v2\/pages\/289\/revisions\/954"}],"wp:attachment":[{"href":"https:\/\/hko.ffzg.unizg.hr\/index.php\/wp-json\/wp\/v2\/media?parent=289"}],"curies":[{"name":"wp","href":"https:\/\/api.w.org\/{rel}","templated":true}]}}